{"id":1966,"date":"2021-05-29T15:23:08","date_gmt":"2021-05-29T12:23:08","guid":{"rendered":"https:\/\/dev.abi-solar.com\/prosze-podac-dane-kontaktowe\/"},"modified":"2021-05-29T15:39:16","modified_gmt":"2021-05-29T12:39:16","slug":"prosze-podac-dane-kontaktowe","status":"publish","type":"page","link":"https:\/\/dev.abi-solar.com\/pl\/prosze-podac-dane-kontaktowe\/","title":{"rendered":"Prosz\u0119 poda\u0107 dane kontaktowe"},"content":{"rendered":"<p>[vc_row][vc_column width=&#8221;5\/6&#8243; icons_position=&#8221;left&#8221; offset=&#8221;vc_col-md-offset-2 vc_col-md-8 vc_col-sm-offset-1&#8243;][vc_empty_space height=&#8221;3.7rem&#8221; alter_height=&#8221;none&#8221; hide_on_desktop=&#8221;&#8221; hide_on_notebook=&#8221;&#8221; hide_on_tablet=&#8221;&#8221; hide_on_mobile=&#8221;&#8221;][vc_empty_space height=&#8221;4rem&#8221; alter_height=&#8221;none&#8221; hide_on_desktop=&#8221;&#8221; hide_on_notebook=&#8221;&#8221; hide_on_tablet=&#8221;&#8221; hide_on_mobile=&#8221;&#8221;]<div id=\"sc_title_1305075603\"\n\t\tclass=\"sc_title color_style_default sc_title_default\"><div class=\"sc_item_descr sc_title_descr sc_align_left sc_item_title_style_default\"><p>Prosz\u0119 poda\u0107 dane kontaktowe<\/p>\n<\/div><\/div><!-- \/.sc_title -->[vc_empty_space height=&#8221;2.3rem&#8221; alter_height=&#8221;none&#8221; hide_on_desktop=&#8221;&#8221; hide_on_notebook=&#8221;&#8221; hide_on_tablet=&#8221;&#8221; hide_on_mobile=&#8221;&#8221;]<div role=\"form\" class=\"wpcf7\" id=\"wpcf7-f1947-o1\" lang=\"pl-PL\" dir=\"ltr\">\n<div class=\"screen-reader-response\"><p role=\"status\" aria-live=\"polite\" aria-atomic=\"true\"><\/p> <ul><\/ul><\/div>\n<form action=\"\/pl\/wp-json\/wp\/v2\/pages\/1966#wpcf7-f1947-o1\" method=\"post\" class=\"wpcf7-form init\" novalidate=\"novalidate\" data-status=\"init\">\n<div style=\"display: none;\">\n<input type=\"hidden\" name=\"_wpcf7\" value=\"1947\" \/>\n<input type=\"hidden\" name=\"_wpcf7_version\" value=\"5.6.4\" \/>\n<input type=\"hidden\" name=\"_wpcf7_locale\" value=\"pl_PL\" \/>\n<input type=\"hidden\" name=\"_wpcf7_unit_tag\" value=\"wpcf7-f1947-o1\" \/>\n<input type=\"hidden\" name=\"_wpcf7_container_post\" value=\"0\" \/>\n<input type=\"hidden\" name=\"_wpcf7_posted_data_hash\" value=\"\" \/>\n<\/div>\n<p><span class=\"columns_container\"><span class=\"trx_addons_columns_wrap columns_padding_bottom\"><br \/>\n<span class=\"trx_addons_column-1_2\"><br \/>\n\t\t<label>Nazwa firmy*<\/label><br \/>\n\t\t<span class=\"wpcf7-form-control-wrap\" data-name=\"Company\"><input type=\"text\" name=\"Company\" value=\"\" size=\"40\" class=\"wpcf7-form-control wpcf7-text wpcf7-validates-as-required\" id=\"field_company\" aria-required=\"true\" aria-invalid=\"false\" placeholder=\"Nazwa firmy\" \/><\/span><br \/>\n\t<\/span><br \/>\n<span class=\"trx_addons_column-1_2\"><br \/>\n\t\t<label>Imi\u0119 i nazwisko osoby kontaktowej *<\/label><br \/>\n\t\t<span class=\"wpcf7-form-control-wrap\" data-name=\"Name\"><input type=\"text\" name=\"Name\" value=\"\" size=\"40\" class=\"wpcf7-form-control wpcf7-text wpcf7-validates-as-required\" id=\"field_name\" aria-required=\"true\" aria-invalid=\"false\" placeholder=\"Imi\u0119\" \/><\/span><br \/>\n\t<\/span><br \/>\n<span class=\"trx_addons_column-1_2\"><br \/>\n\t\t<label>E-mail<\/label><br \/>\n\t\t<span class=\"wpcf7-form-control-wrap\" data-name=\"email\"><input type=\"email\" name=\"email\" value=\"\" size=\"40\" class=\"wpcf7-form-control wpcf7-text wpcf7-email wpcf7-validates-as-email\" id=\"field_email\" aria-invalid=\"false\" placeholder=\"Email\" \/><\/span><br \/>\n\t<\/span><span class=\"trx_addons_column-1_2\"><br \/>\n\t\t<label>Numer telefonu*<\/label><br \/>\n\t\t<span class=\"wpcf7-form-control-wrap\" data-name=\"tel\"><input type=\"tel\" name=\"tel\" value=\"\" size=\"40\" class=\"wpcf7-form-control wpcf7-text wpcf7-tel wpcf7-validates-as-required wpcf7-validates-as-tel\" id=\"field_phone\" aria-required=\"true\" aria-invalid=\"false\" placeholder=\"Numer telefonu\" \/><\/span><br \/>\n\t<\/span><span class=\"trx_addons_column-1_2\"><br \/>\n\t\t<label>Czas kontaktu<\/label><br \/>\n\t\t<span class=\"wpcf7-form-control-wrap\" data-name=\"time\"><input type=\"text\" name=\"time\" value=\"\" size=\"40\" class=\"wpcf7-form-control wpcf7-text\" id=\"field_time\" aria-invalid=\"false\" placeholder=\"Czas kontaktu\" \/><\/span><br \/>\n\t<\/span><span class=\"trx_addons_column-1_2\"><br \/>\n\t\t<label>Region lokalizacji<\/label><br \/>\n\t\t<span class=\"wpcf7-form-control-wrap\" data-name=\"state\"><input type=\"text\" name=\"state\" value=\"Region lokalizacji\" size=\"40\" class=\"wpcf7-form-control wpcf7-text\" id=\"field_state\" aria-invalid=\"false\" \/><\/span><br \/>\n\t<\/span><span class=\"trx_addons_column-1_1\"><br \/>\n\t\t<label>Moc projektu, MW<\/label><br \/>\n\t\t<span class=\"wpcf7-form-control-wrap\" data-name=\"street\"><input type=\"text\" name=\"street\" value=\"\" size=\"40\" class=\"wpcf7-form-control wpcf7-text\" id=\"field_street\" aria-invalid=\"false\" placeholder=\"Moc projektu, MW\" \/><\/span><br \/>\n\t<\/span><br \/>\n<span class=\"trx_addons_column-1_1\"><br \/>\n\t\t<label>Rozmiar panelu<\/label><br \/>\n\t\t<span class=\"wpcf7-form-control-wrap\" data-name=\"size\"><select name=\"size\" class=\"wpcf7-form-control wpcf7-select\" id=\"field_street\" aria-invalid=\"false\"><option value=\"60 slot\u00f3w\">60 slot\u00f3w<\/option><option value=\"72 slot\u00f3w\">72 slot\u00f3w<\/option><\/select><\/span><br \/>\n\t<\/span><br \/>\n<span class=\"trx_addons_column-1_2\"><br \/>\n\t\t<label>Moc panelu, W<\/label><br \/>\n\t\t<span class=\"wpcf7-form-control-wrap\" data-name=\"postcode\"><input type=\"number\" name=\"postcode\" value=\"\" class=\"wpcf7-form-control wpcf7-number wpcf7-validates-as-number\" id=\"field_postcode\" aria-invalid=\"false\" placeholder=\"Moc panelu, W\" \/><\/span><br \/>\n\t<\/span><br \/>\n<span class=\"trx_addons_column-1_2\"><br \/>\n\t\t<label>Po\u017c\u0105dany termin dostawy<\/label><br \/>\n\t\t<span class=\"wpcf7-form-control-wrap\" data-name=\"date\"><input type=\"text\" name=\"date\" value=\"Po\u017c\u0105dany termin dostawy\" size=\"40\" class=\"wpcf7-form-control wpcf7-text\" id=\"field_state\" aria-invalid=\"false\" \/><\/span><br \/>\n\t<\/span><br \/>\n<span class=\"trx_addons_column-1_1\"><br \/>\n\t\t<label>Dodatkowe informacje<\/label><br \/>\n\t\t<span class=\"wpcf7-form-control-wrap\" data-name=\"message\"><textarea name=\"message\" cols=\"40\" rows=\"10\" class=\"wpcf7-form-control wpcf7-textarea\" id=\"field_message\" aria-invalid=\"false\" placeholder=\"Dodatkowe informacje\"><\/textarea><\/span><br \/>\n\t<\/span><br \/>\n<span class=\"trx_addons_column-1_1 aligncenter\"><br \/>\n\t\t<input type=\"submit\" value=\"Wys\u0142a\u0107 pro\u015bb\u0119\" class=\"wpcf7-form-control has-spinner wpcf7-submit\" \/><br \/>\n\t<\/span><br \/>\n<\/span><\/span><\/p>\n<div class=\"wpcf7-response-output\" aria-hidden=\"true\"><\/div><\/form><\/div>[vc_empty_space height=&#8221;2.25rem&#8221; alter_height=&#8221;none&#8221; hide_on_desktop=&#8221;&#8221; hide_on_notebook=&#8221;&#8221; hide_on_tablet=&#8221;&#8221; hide_on_mobile=&#8221;&#8221;][vc_empty_space height=&#8221;3rem&#8221; alter_height=&#8221;none&#8221; hide_on_desktop=&#8221;&#8221; hide_on_notebook=&#8221;&#8221; hide_on_tablet=&#8221;&#8221; hide_on_mobile=&#8221;&#8221;][\/vc_column][\/vc_row]<\/p>\n","protected":false},"excerpt":{"rendered":"<p>[vc_row][vc_column width=&#8221;5\/6&#8243; icons_position=&#8221;left&#8221; offset=&#8221;vc_col-md-offset-2 vc_col-md-8 vc_col-sm-offset-1&#8243;][vc_empty_space height=&#8221;3.7rem&#8221; alter_height=&#8221;none&#8221; hide_on_desktop=&#8221;&#8221; hide_on_notebook=&#8221;&#8221; hide_on_tablet=&#8221;&#8221; hide_on_mobile=&#8221;&#8221;][vc_empty_space height=&#8221;4rem&#8221; alter_height=&#8221;none&#8221; hide_on_desktop=&#8221;&#8221; hide_on_notebook=&#8221;&#8221; hide_on_tablet=&#8221;&#8221; hide_on_mobile=&#8221;&#8221;][vc_empty_space height=&#8221;2.3rem&#8221; alter_height=&#8221;none&#8221; hide_on_desktop=&#8221;&#8221; hide_on_notebook=&#8221;&#8221; hide_on_tablet=&#8221;&#8221; hide_on_mobile=&#8221;&#8221;][vc_empty_space height=&#8221;2.25rem&#8221; alter_height=&#8221;none&#8221; hide_on_desktop=&#8221;&#8221; hide_on_notebook=&#8221;&#8221; hide_on_tablet=&#8221;&#8221; hide_on_mobile=&#8221;&#8221;][vc_empty_space&hellip;<\/p>\n","protected":false},"author":1,"featured_media":0,"parent":0,"menu_order":0,"comment_status":"closed","ping_status":"closed","template":"","meta":{"footnotes":""},"class_list":["post-1966","page","type-page","status-publish","hentry"],"_links":{"self":[{"href":"https:\/\/dev.abi-solar.com\/pl\/wp-json\/wp\/v2\/pages\/1966","targetHints":{"allow":["GET"]}}],"collection":[{"href":"https:\/\/dev.abi-solar.com\/pl\/wp-json\/wp\/v2\/pages"}],"about":[{"href":"https:\/\/dev.abi-solar.com\/pl\/wp-json\/wp\/v2\/types\/page"}],"author":[{"embeddable":true,"href":"https:\/\/dev.abi-solar.com\/pl\/wp-json\/wp\/v2\/users\/1"}],"replies":[{"embeddable":true,"href":"https:\/\/dev.abi-solar.com\/pl\/wp-json\/wp\/v2\/comments?post=1966"}],"version-history":[{"count":0,"href":"https:\/\/dev.abi-solar.com\/pl\/wp-json\/wp\/v2\/pages\/1966\/revisions"}],"wp:attachment":[{"href":"https:\/\/dev.abi-solar.com\/pl\/wp-json\/wp\/v2\/media?parent=1966"}],"curies":[{"name":"wp","href":"https:\/\/api.w.org\/{rel}","templated":true}]}}