{"id":1753,"date":"2021-05-17T13:56:36","date_gmt":"2021-05-27T20:55:42","guid":{"rendered":"https:\/\/dev.abi-solar.com\/product\/panele-monokrystaliczne\/"},"modified":"2021-05-27T23:59:01","modified_gmt":"2021-05-27T20:59:01","slug":"monocristal","status":"publish","type":"product","link":"https:\/\/dev.abi-solar.com\/pl\/products\/monocristal\/","title":{"rendered":"Panele monokrystaliczne"},"content":{"rendered":"<p>Monokrystaliczne modu\u0142y fotowoltaiczne ABi-Solar posiadaj\u0105 jeden z najlepszych wska\u017anik\u00f3w wydajno\u015bci w bran\u017cy &#8211; 18%.<\/p>\n<p>Ka\u017cdy fotomodu\u0142 monokrystaliczny ABi-Solar jest testowany, podczas kt\u00f3rego dok\u0142adnie rejestrowana jest jego wydajno\u015b\u0107, moc i inne parametry<\/p>\n<p>Gwarancja 95% wydajno\u015bci &#8211; 5 lat, 90% wydajno\u015bci &#8211; 12 lat, 85% wydajno\u015bci &#8211; 18 lat, 80% &#8211; 25 lat.<\/p>\n<p><a href=\"https:\/\/abi-solar.com\/uk\/download\/AB-60M_PL02_eng_web.pdf\">AB-60M 310-320W Monocrystalline PERC Modules<\/a><br \/>\n<a href=\"https:\/\/abi-solar.com\/uk\/download\/AB-60MHC_PL05.pdf\">AB-60MHC 310-320W Monocrystalline Half-Cell PERC Modules<\/a><br \/>\n<a href=\"https:\/\/abi-solar.com\/uk\/download\/AB-60MHC-325-340W-Monocrystalline-Half-Cell-PERC-Modules.pdf\">AB-60MHC 325-340W Monocrystalline Half-Cell PERC Modules<\/a><br \/>\n<a href=\"https:\/\/abi-solar.com\/uk\/download\/AB-60MHC-365-375W-Monocrystalline-Half-Cell-166-mm-Multi-busbar-Modules.pdf\">AB-60MHC 365-375W Monocrystalline Half-Cell Multi-busbar Modules<\/a><br \/>\n<a href=\"https:\/\/abi-solar.com\/uk\/download\/AB-60MHCBF_PL03_eng_web.pdf\">AB-60MHC(BF) 300-320W Monocrystalline Half-Cell Bifacial Modules<\/a><br \/>\n<a href=\"https:\/\/abi-solar.com\/uk\/download\/AB-60MHCBF-GI-2.pdf\">AB-60MHC(BF-GI) 325-335W Monocrystalline Half-Cell Bifacial Modules<\/a><\/p>\n<p><a href=\"https:\/\/abi-solar.com\/uk\/download\/AB-60MHC-365-375-Monocrystalline-Half-Cell-Mono-PERC-Modulep.pdf\">AB-60MHC-365-375-Monocrystalline-Half-Cell-Mono-PERC-Modulep<\/a><br \/>\n<a href=\"https:\/\/abi-solar.com\/uk\/download\/AB-72M_PL06_web.pdf\">AB-72M 380-395W Monocrystalline PERC Modules<\/a><br \/>\n<a href=\"https:\/\/abi-solar.com\/uk\/download\/AB-60MHC-340-350W-Monocrystalline-Half-Cell-Bifacial-Double-Glass-Module-web.pdf\">AB-60MHC 340-350W Monocrystalline Half-Cell Bifacial Double Glass Module Web<\/a><br \/>\n<a href=\"https:\/\/abi-solar.com\/uk\/download\/AB-60MHC-370-380W-Monocrystalline-Half-Cell.pdf\">AB-60MHC-370-380W Monocrystalline Half-Cell modules<\/a><br \/>\n<a href=\"https:\/\/abi-solar.com\/uk\/download\/AB-72MHCBFGG-410-420-Monocrystalline-Half-Cell-Bifacial-Double-Glass-Module.pdf\">AB-72MHC(BFGG) 410-420 Monocrystalline Half-Cell Bifacial Double Glass Module<\/a><\/p>\n<p><a href=\"https:\/\/abi-solar.com\/uk\/download\/AB-72MHC_PL05_eng_web.pdf\">AB-72MHC 375-385W Monocrystalline Half-Cell PERC Modules<\/a><br \/>\n<a href=\"https:\/\/abi-solar.com\/uk\/download\/AB-72MHC-400-410W-Monocrystalline-Half-Cell-PERC-Modules.pdf\">AB-72MHC 400-410W Monocrystalline Half-Cell PERC Modules<\/a><\/p>\n<p><a href=\"https:\/\/abi-solar.com\/uk\/download\/AB-72MHC-440-450W-Monocrystalline-Half-Cell-PERC-Modules.pdf\">AB-72MHC 440-450W Monocrystalline Half-Cell PERC Modules<\/a><br \/>\n<a href=\"https:\/\/abi-solar.com\/uk\/download\/AB450-72MHC-BF-UA.pdf\">AB-72MHC 450W Monocrystalline Half-Cell Bifacial Modules<\/a><\/p>\n<p><a href=\"https:\/\/abi-solar.com\/uk\/download\/AB-72D09CD09DD0A1-520-550W-Monocrystalline-Half-Cell-Mono-PERC-Module.pdf\">AB-72\u041c\u041d\u0421 520-550W Monocrystalline Half-Cell Mono PERC Module<\/a><br \/>\n<a href=\"https:\/\/abi-solar.com\/uk\/download\/AB-78MHC-575-590W-Monocrystalline-PERC-Modules-1.pdf\">AB-78MHC 575-590W Monocrystalline PERC Modules<\/a><\/p>\n<p>&nbsp;<\/p>\n<p>&nbsp;<\/p>\n<p>&nbsp;<\/p>\n","protected":false},"excerpt":{"rendered":"<p>Monokrystaliczne modu\u0142y fotowoltaiczne ABi-Solar posiadaj\u0105 jeden z najlepszych wska\u017anik\u00f3w wydajno\u015bci w bran\u017cy &#8211; 18%.<\/p>\n<p>Ka\u017cdy fotomodu\u0142 monokrystaliczny ABi-Solar jest testowany, podczas kt\u00f3rego dok\u0142adnie rejestrowana jest jego wydajno\u015b\u0107, moc i inne parametry<\/p>\n<p>Gwarancja 95% wydajno\u015bci &#8211; 5 lat, 90% wydajno\u015bci &#8211; 12 lat, 85% wydajno\u015bci &#8211; 18 lat, 80% &#8211; 25 lat.<\/p>\n","protected":false},"featured_media":112948,"comment_status":"closed","ping_status":"closed","template":"","meta":[],"product_cat":[81],"product_tag":[],"class_list":["post-1753","product","type-product","status-publish","has-post-thumbnail","hentry","product_cat-moduly-pv","product_shipping_class-europe-pl"],"_links":{"self":[{"href":"https:\/\/dev.abi-solar.com\/pl\/wp-json\/wp\/v2\/product\/1753","targetHints":{"allow":["GET"]}}],"collection":[{"href":"https:\/\/dev.abi-solar.com\/pl\/wp-json\/wp\/v2\/product"}],"about":[{"href":"https:\/\/dev.abi-solar.com\/pl\/wp-json\/wp\/v2\/types\/product"}],"replies":[{"embeddable":true,"href":"https:\/\/dev.abi-solar.com\/pl\/wp-json\/wp\/v2\/comments?post=1753"}],"wp:featuredmedia":[{"embeddable":true,"href":"https:\/\/dev.abi-solar.com\/pl\/wp-json\/wp\/v2\/media\/112948"}],"wp:attachment":[{"href":"https:\/\/dev.abi-solar.com\/pl\/wp-json\/wp\/v2\/media?parent=1753"}],"wp:term":[{"taxonomy":"product_cat","embeddable":true,"href":"https:\/\/dev.abi-solar.com\/pl\/wp-json\/wp\/v2\/product_cat?post=1753"},{"taxonomy":"product_tag","embeddable":true,"href":"https:\/\/dev.abi-solar.com\/pl\/wp-json\/wp\/v2\/product_tag?post=1753"}],"curies":[{"name":"wp","href":"https:\/\/api.w.org\/{rel}","templated":true}]}}