{"id":1762,"date":"2017-11-16T14:16:16","date_gmt":"2021-05-27T21:18:20","guid":{"rendered":"https:\/\/dev.abi-solar.com\/product\/panele-polikrystaliczne\/"},"modified":"2021-05-28T00:18:26","modified_gmt":"2021-05-27T21:18:26","slug":"policrystal","status":"publish","type":"product","link":"https:\/\/dev.abi-solar.com\/pl\/products\/policrystal\/","title":{"rendered":"Panele polikrystaliczne"},"content":{"rendered":"<p>Panele polikrystaliczne firmy ABi-Solar charakteryzuj\u0105 si\u0119 wysok\u0105 wydajno\u015bci\u0105 \u2013 16% <strong>Oraz<\/strong><a href=\"http:\/\/abi-solar.com\/products\/pv-modules\/pv-modules-flash-reports\/\">dodatni\u0105<\/a> tolerancj\u0105 mocy \u223c+3%.<\/p>\n<p>Panele polikrystaliczne firmy ABi-Solar s\u0105 zaprojektowane w celu zapewnienia maksymalnej wydajno\u015bci przy wykorzystaniu w warunkach insolacji do 1200 kW*godz\/m\u00b2 rocznie, kt\u00f3r\u0105 charakteryzuje si\u0119 region Europy \u015arodkowej.<\/p>\n<p>Gwarancja na wydajno\u015b\u0107 o 95% \u2013 10 lat; wydajno\u015b\u0107 o 90% \u2013 12 lat; wydajno\u015b\u0107 o 85% \u2013 18 lat; 80% \u2013 25 lat.<\/p>\n<p>Dost\u0119pne s\u0105 panele o mocy od 140 do 340 W.<\/p>\n<p><a href=\"https:\/\/abi-solar.com\/uk\/download\/AB-60P-275-285W-Polycrystalline-modules.pdf\">AB-60P 275-285W Polycrystalline Modules<\/a><br \/>\n<a href=\"https:\/\/abi-solar.com\/uk\/download\/AB-60PHC-280-290W-Half-Cell-polycrystalline-PV-modules_2.pdf\">AB-60PHC 280-290W Half Cell polycrystalline PV modules<\/a><br \/>\n<a href=\"https:\/\/abi-solar.com\/uk\/download\/AB-72P-325-340W-Polycrystalline-PV-modules.pdf\">AB-72P 325-340W Polycrystalline PV modules<\/a><br \/>\n<a href=\"https:\/\/abi-solar.com\/uk\/download\/AB-72PHC-330-345W-Polycristalline-PV-modules.pdf\">AB-72PHC 330-345W Polycristalline PV modules<\/a><\/p>\n<h3>\u0421\u0435\u0440\u0442\u0438\u0444\u0438\u043a\u0430\u0446\u0438\u044f T\u00dcV S\u00dcD<\/h3>\n<p>Wszystkie modele modu\u0142\u00f3w polikrystalicznych ABi-Solar z serii AB-72P, AB-60P, AB-54P, AB-48P i AB-38P zosta\u0142y certyfikowane przez <strong>T\u00dcV S\u00dcD<\/strong>. Potwierdza to certyfikat nr <a href=\"https:\/\/www.abi-solar.com\/ru\/download\/certs\/ABi-SolarTUV.pdf\" target=\"_blank\" rel=\"noopener noreferrer\"><strong>Z2 18 01 03376 001<\/strong><\/a>, wydany na podstawie wynik\u00f3w bada\u0144 laboratorium T\u00dcV S\u00dcD w Yangzhou Opto-Electrical Products Testing Institute zgodnie z normami IEC 61215, IEC 61730-1 i IEC 61730 -2.<\/p>\n<h3>Jak produkowane s\u0105 polikrystaliczne modu\u0142y PV ABiSolar?<\/h3>\n<p><strong>Gwarancja na sprzeda\u017c 95% &#8211; 10 lat; wydajno\u015b\u0107 o 90% &#8211; 12 lat; wydajno\u015b\u0107 o 85% &#8211; 18 lat; 80% &#8211; 25 lat.<\/strong><\/p>\n","protected":false},"excerpt":{"rendered":"<p>Panele polikrystaliczne firmy ABi-Solar charakteryzuj\u0105 si\u0119 wysok\u0105 wydajno\u015bci\u0105 \u2013 16% oraz dodatni\u0105 tolerancj\u0105 mocy \u223c+3%. \u0414\u043e\u043f\u0443\u0441\u043a \u043f\u043e \u043c\u043e\u0449\u043d\u043e\u0441\u0442\u0438 <strong>\u0433\u0430\u0440\u0430\u043d\u0442\u0438\u0440\u043e\u0432\u0430\u043d\u043d\u043e \u043f\u043e\u043b\u043e\u0436\u0438\u0442\u0435\u043b\u044c\u043d\u044b\u0439<\/strong> \u0438 \u0441\u043e\u0441\u0442\u0430\u0432\u043b\u044f\u0435\u0442 \u223c+3%, \u0447\u0442\u043e \u0437\u0430\u0444\u0438\u043a\u0441\u0438\u0440\u043e\u0432\u0430\u043d\u043e <a href=\"http:\/\/abi-solar.com\/products\/pv-modules\/pv-modules-flash-reports\/\">\u0444\u043b\u0435\u0448-\u0442\u0435\u0441\u0442\u0430\u043c\u0438 \u043a\u0430\u0436\u0434\u043e\u0439 \u0444\u043e\u0442\u043e\u043f\u0430\u043d\u0435\u043b\u0438<\/a>.<\/p>\n<p>Panele polikrystaliczne firmy ABi-Solar s\u0105 zaprojektowane w celu zapewnienia maksymalnej wydajno\u015bci przy wykorzystaniu w warunkach insolacji do 1200 kW*godz\/m\u00b2 rocznie, kt\u00f3r\u0105 charakteryzuje si\u0119 region Europy \u015arodkowej.<\/p>\n<p>\u0413\u0430\u0440\u0430\u043d\u0442\u0438\u044f \u043d\u0430 95% \u043f\u0440\u043e\u0438\u0437\u0432\u043e\u0434\u0438\u0442\u0435\u043b\u044c\u043d\u043e\u0441\u0442\u0438 \u2013 10 \u043b\u0435\u0442 (\u0441 \u0441\u0435\u043d\u0442\u044f\u0431\u0440\u044f 2017); 90% \u043f\u0440\u043e\u0438\u0437\u0432\u043e\u0434\u0438\u0442\u0435\u043b\u044c\u043d\u043e\u0441\u0442\u0438 \u2013 12 \u043b\u0435\u0442; 85% \u043f\u0440\u043e\u0438\u0437\u0432\u043e\u0434\u0438\u0442\u0435\u043b\u044c\u043d\u043e\u0441\u0442\u0438 \u2013 18 \u043b\u0435\u0442; 80% \u2013 25 \u043b\u0435\u0442.Gwarancja na wydajno\u015b\u0107 o 95% \u2013 10 lat; wydajno\u015b\u0107 o 90% \u2013 12 lat; wydajno\u015b\u0107 o 85% \u2013 18 lat; 80% \u2013 25 lat.<\/p>\n<p>Dost\u0119pne s\u0105 panele o mocy od 140 do 340 W.<\/p>\n","protected":false},"featured_media":112952,"comment_status":"closed","ping_status":"closed","template":"","meta":[],"product_cat":[81],"product_tag":[],"class_list":["post-1762","product","type-product","status-publish","has-post-thumbnail","hentry","product_cat-moduly-pv","product_shipping_class-europe-pl"],"_links":{"self":[{"href":"https:\/\/dev.abi-solar.com\/pl\/wp-json\/wp\/v2\/product\/1762","targetHints":{"allow":["GET"]}}],"collection":[{"href":"https:\/\/dev.abi-solar.com\/pl\/wp-json\/wp\/v2\/product"}],"about":[{"href":"https:\/\/dev.abi-solar.com\/pl\/wp-json\/wp\/v2\/types\/product"}],"replies":[{"embeddable":true,"href":"https:\/\/dev.abi-solar.com\/pl\/wp-json\/wp\/v2\/comments?post=1762"}],"wp:featuredmedia":[{"embeddable":true,"href":"https:\/\/dev.abi-solar.com\/pl\/wp-json\/wp\/v2\/media\/112952"}],"wp:attachment":[{"href":"https:\/\/dev.abi-solar.com\/pl\/wp-json\/wp\/v2\/media?parent=1762"}],"wp:term":[{"taxonomy":"product_cat","embeddable":true,"href":"https:\/\/dev.abi-solar.com\/pl\/wp-json\/wp\/v2\/product_cat?post=1762"},{"taxonomy":"product_tag","embeddable":true,"href":"https:\/\/dev.abi-solar.com\/pl\/wp-json\/wp\/v2\/product_tag?post=1762"}],"curies":[{"name":"wp","href":"https:\/\/api.w.org\/{rel}","templated":true}]}}